{"id":1452,"date":"2015-07-06T11:59:44","date_gmt":"2015-07-06T09:59:44","guid":{"rendered":"http:\/\/qsei.areaprova.com\/?page_id=1452"},"modified":"2018-01-10T10:31:14","modified_gmt":"2018-01-10T09:31:14","slug":"informativa-ai-sensi-dellart-13-del-d-lgs-19603","status":"publish","type":"page","link":"https:\/\/qsei.it\/?page_id=1452","title":{"rendered":"Informativa ai sensi dell&#8217;art. 13 del D.Lgs. 196\/03"},"content":{"rendered":"<p>Informativa ai sensi dell&#8217;art. 13 del D.Lgs. 196\/03<br \/>\nIn ottemperanza al D.L. 196\/2003 (Legge sulla Privacy), riportiamo alcune informazioni relative alla modalit\u00e0 di gestione dei dati degli utenti che accedono al nostro sito e richiedono i nostri servizi.<br \/>\nTIPOLOGIA DEI DATI TRATTATI<\/p>\n<p>Dati di navigazione<br \/>\nNessun dato personale dell&#8217;utente viene acquisito dal sito durante la navigazione.<br \/>\nA garanzia dei sistemi informatici che ospitano il sito vengono comunque memorizzati gli IP e gli URL di provenienza dei navigatori. Questi dati vengono utilizzati al solo fine di ricavare informazioni statistiche anonime sull&#8217;uso del sito e per controllarne il corretto funzionamento.<br \/>\nTali dati inoltre potrebbero essere utilizzati per l&#8217;accertamento di responsabilit\u00e0 in caso di ipotetici reati informatici ai danni del sito.<\/p>\n<p>Dati forniti espressamente dall&#8217;utente<br \/>\nL&#8217;invio facoltativo, esplicito e volontario di posta elettronica agli indirizzi indicati su questo sito o la compilazione di form (moduli) on-line comporta l&#8217;acquisizione dell&#8217;indirizzo del mittente necessario per rispondere alle richieste di servizi e\/o informazioni, nonch\u00e9 degli eventuali altri dati personali inseriti nella comunicazione.<br \/>\nFINALITA&#8217; E MODALITA&#8217; DI TRATTAMENTO DEI DATI<\/p>\n<p>a) I dati personali sono oggetto di trattamento per le seguenti finalit\u00e0:<br \/>\n1. adempimenti connessi agli incarichi conferiti a Qsei, nonch\u00e9 alle norme civilistiche, contabili, fiscali e di pubblica sicurezza, alla gestione amministrativa del rapporto e agli adempimenti comunque correlati all&#8217;attivit\u00e0 economica della Societ\u00e0;<br \/>\n2. per invio di materiale informativo sui servizi e le nuove opportunit\u00e0 offerte dalla societ\u00e0<br \/>\nb) I dati personali sono trattati con strumenti automatizzati e cartacei per il tempo strettamente necessario a conseguire gli scopi per cui sono stati raccolti e in ossequio a disposizioni di legge. I dati personali sono trattati secondo principi di correttezza, liceit\u00e0 e trasparenza<br \/>\nc) Finalit\u00e0 funzionali all&#8217;attivit\u00e0 dell&#8217;azienda, anche tramite terzi, quali la promozione e la vendita di prodotti e servizi dell&#8217;azienda o di societ\u00e0 terze, effettuate attraverso lettere, materiale pubblicitario, sistemi automatizzati di comunicazione, e-mail, ecc.;<br \/>\nLUOGO E TRATTAMENTO DEI DATI<\/p>\n<p>Nessun dato personale derivante dalla navigazione nel servizio web viene comunicato o diffuso a terzi. I dati personali forniti dagli utenti che inoltrano richieste di servizi, prestazioni o informazioni sono utilizzati al fine di eseguire il servizio richiesto o di fornire le informazioni richieste.<br \/>\nTITOLARE DEL TRATTAMENTO<\/p>\n<p>Il titolare del trattamento dei dati \u00e8 :<\/p>\n<p>Andrea Caratto<\/p>\n<p>FACOLTATIVITA&#8217; DEL CONFERIMENTO DEI DATI<\/p>\n<p>A parte quanto specificato per i dati di navigazione, l&#8217;utente \u00e8 libero di fornire i dati personali riportati nei moduli di richiesta di servizi e\/o informazioni. Il loro mancato conferimento comporta o pu\u00f2 comportare l&#8217;impossibilit\u00e0 di ottenere quanto richiesto.<br \/>\nDIRITTI DEGLI INTERESSATI<\/p>\n<p>L&#8217;art. 13 della Legge attribuisce all&#8217;interessato specifici diritti. In particolare l&#8217;interessato pu\u00f2 ottenere dal titolare la conferma dell&#8217;esistenza o meno di propri dati personali e che tali dati vengano messi a sua disposizione in forma comprensibile. L&#8217;interessato pu\u00f2 altres\u00ec chiedere di conoscere l&#8217;origine dei dati, nonch\u00e9 la logica e le finalit\u00e0 su cui si basa il trattamento; di ottenere la cancellazione, la trasformazione in forma anonima o il blocco dei dati trattati in violazione alla legge, nonch\u00e9 l&#8217;aggiornamento, la rettificazione o, se vi \u00e8 interesse, l&#8217;integrazione dei dati; di opporsi, per motivi legittimi, al trattamento stesso.<\/p>\n","protected":false},"excerpt":{"rendered":"<p>Informativa ai sensi dell&#8217;art. 13 del D.Lgs. 196\/03 In ottemperanza al D.L. 196\/2003 (Legge sulla Privacy), riportiamo alcune informazioni relative alla modalit\u00e0 di gestione dei dati degli utenti che accedono.. <a href=\"https:\/\/qsei.it\/?page_id=1452\" class=\"readmore\">read more<\/a><\/p>\n","protected":false},"author":1,"featured_media":0,"parent":0,"menu_order":0,"comment_status":"closed","ping_status":"open","template":"","meta":[],"_links":{"self":[{"href":"https:\/\/qsei.it\/index.php?rest_route=\/wp\/v2\/pages\/1452"}],"collection":[{"href":"https:\/\/qsei.it\/index.php?rest_route=\/wp\/v2\/pages"}],"about":[{"href":"https:\/\/qsei.it\/index.php?rest_route=\/wp\/v2\/types\/page"}],"author":[{"embeddable":true,"href":"https:\/\/qsei.it\/index.php?rest_route=\/wp\/v2\/users\/1"}],"replies":[{"embeddable":true,"href":"https:\/\/qsei.it\/index.php?rest_route=%2Fwp%2Fv2%2Fcomments&post=1452"}],"version-history":[{"count":12,"href":"https:\/\/qsei.it\/index.php?rest_route=\/wp\/v2\/pages\/1452\/revisions"}],"predecessor-version":[{"id":8667,"href":"https:\/\/qsei.it\/index.php?rest_route=\/wp\/v2\/pages\/1452\/revisions\/8667"}],"wp:attachment":[{"href":"https:\/\/qsei.it\/index.php?rest_route=%2Fwp%2Fv2%2Fmedia&parent=1452"}],"curies":[{"name":"wp","href":"https:\/\/api.w.org\/{rel}","templated":true}]}}