{"id":30,"date":"2012-03-21T15:20:48","date_gmt":"2012-03-21T15:20:48","guid":{"rendered":"http:\/\/localhost:8888\/elogix_backup\/?page_id=18"},"modified":"2026-02-06T14:52:20","modified_gmt":"2026-02-06T13:52:20","slug":"home","status":"publish","type":"page","link":"https:\/\/qsei.it\/","title":{"rendered":"Home"},"content":{"rendered":"<h1>Qsei s.r.l.<\/h1>\n<h2>Qualit\u00e0 Sicurezza Ecologia Igiene<\/h2>\n<div class=\"hr\"><\/div>\n<div class=\"one_third\">\n<h3>Chi siamo<\/h3>\n<p>Qsei s.r.l. \u00e8 attiva dal 2001 e si occupa di <strong>Q<\/strong>ualit\u00e0 <strong>S<\/strong>icurezza <strong>E<\/strong>cologia <strong>I<\/strong><a href=\"http:\/\/fast-reliable-quality-guarantee-free-shipping-shop.us.com\/buy-avanafil-avanatop-avanasuper-avanaextra-super-avana-order-cheap-cost\/\">giene per ogni azienda sia pubblica che privata.<\/a><\/p>\n<p>I componenti di Qsei sono professionisti con esperienza pluriennale degli argomenti citati e assistono i Datori di Lavori per organizzare la loro impresa in modo da garantire la tutela dei lavoratori, l\u2019osservanza delle normative tecniche e di legge, il raggiungimento degli obbiettivi aziendali.<\/p>\n<p>Qsei s.r.l., attiva fin da subito nella sede di Rivoli in provincia di Torino, ha recentemente aperto una sede operativa a Piobesi d&#8217;Alba in provincia di Cuneo, in modo da essere pi\u00f9 presente nel territorio, dove gi\u00e0 da anni conta clienti importanti.<\/p>\n<p>Qsei s.r.l. \u00e8 associata all\u2019UNIONE INDUSTRIALE di Torino e a CONFINDUSTRIA di Cuneo<\/p>\n<p>Il raggiungimento degli obbiettivi prefissati \u00e8 guidato da un sistema di qualit\u00e0 certificato ISO 9001:2015.<\/p>\n<\/div>\n<div class=\"one_third\">\n<p>&nbsp;<\/p>\n<p>Qsei s.r.l., mediante le proprie strutture ed i collegamenti pluriennali con altre specializzate, svolge da tempo il ruolo di CAPOCOMMESSA avocando a s\u00e9 il comipito della correttezza dell\u2019esecuzione delle attivit\u00e0 affidate e tenendo libera la Committente da impegni di affidamento, coordinamento, controllo delle attivit\u00e0 e riducendo il giro delle fatture a un solo fornitore.<\/p>\n<p>L\u2019attivit\u00e0 di CAPOCOMMESSA non comporta costi maggiori per l\u2019azienda Committente.<\/p>\n<p>&nbsp;<\/p>\n<p>ORGANISMO di VIGILANZA. Svolge il ruolo di Organismo di Vigilanza COLLEGIALE, per quanto riguarda gli argomenti legati a Salute e Sicurezza sul Lavoro ed Ecologia, affiancandosi ai professionisti (avvocati, commercialisti, revisori contabili) che si occupano dei reati di pertinenza previsti dal D.Lgs. 231 e partecipando alla realizzazione del Modello esimente di Organizzazione e Gestione oppure MONOCRATICO sempre per gli argomenti riferiti a Salute e Sicurezza sul Lavoro ed Ecologia.<\/p>\n<\/div>\n<div class=\"one_third last\">\n<p><img decoding=\"async\" loading=\"lazy\" class=\" wp-image-791 aligncenter\" src=\"https:\/\/www.qsei.it\/wp-content\/uploads\/2012\/03\/Qsei.jpg\" alt=\"Qsei\" width=\"275\" height=\"288\" \/> <\/div>\n<div class=\"clear\"><\/div>\n","protected":false},"excerpt":{"rendered":"<p>Qsei s.r.l. Qualit\u00e0 Sicurezza Ecologia Igiene Chi siamo Qsei s.r.l. \u00e8 attiva dal 2001 e si occupa di Qualit\u00e0 Sicurezza Ecologia Igiene per ogni azienda sia pubblica che privata. I.. <a href=\"https:\/\/qsei.it\/\" class=\"readmore\">read more<\/a><\/p>\n","protected":false},"author":1,"featured_media":0,"parent":0,"menu_order":0,"comment_status":"open","ping_status":"closed","template":"page-home.php","meta":[],"_links":{"self":[{"href":"https:\/\/qsei.it\/index.php?rest_route=\/wp\/v2\/pages\/30"}],"collection":[{"href":"https:\/\/qsei.it\/index.php?rest_route=\/wp\/v2\/pages"}],"about":[{"href":"https:\/\/qsei.it\/index.php?rest_route=\/wp\/v2\/types\/page"}],"author":[{"embeddable":true,"href":"https:\/\/qsei.it\/index.php?rest_route=\/wp\/v2\/users\/1"}],"replies":[{"embeddable":true,"href":"https:\/\/qsei.it\/index.php?rest_route=%2Fwp%2Fv2%2Fcomments&post=30"}],"version-history":[{"count":42,"href":"https:\/\/qsei.it\/index.php?rest_route=\/wp\/v2\/pages\/30\/revisions"}],"predecessor-version":[{"id":37380,"href":"https:\/\/qsei.it\/index.php?rest_route=\/wp\/v2\/pages\/30\/revisions\/37380"}],"wp:attachment":[{"href":"https:\/\/qsei.it\/index.php?rest_route=%2Fwp%2Fv2%2Fmedia&parent=30"}],"curies":[{"name":"wp","href":"https:\/\/api.w.org\/{rel}","templated":true}]}}